{"id":857,"date":"2025-08-13T09:20:33","date_gmt":"2025-08-13T14:20:33","guid":{"rendered":"https:\/\/sinelliatea.com\/product\/the-noir-yunnan-gold\/"},"modified":"2025-09-09T08:51:34","modified_gmt":"2025-09-09T13:51:34","slug":"yunnan-gold-black-tea","status":"publish","type":"product","link":"https:\/\/sinelliatea.com\/fr\/produit\/yunnan-gold-black-tea\/","title":{"rendered":"Yunnan Gold Black Tea"},"content":{"rendered":"<p><span style=\"font-weight: 400;\">Intense, sweet, and velvety.<\/span><span style=\"font-weight: 400;\"><br \/>\n<\/span><\/p>\n","protected":false},"excerpt":{"rendered":"<p>Intense, sweet, and velvety.<\/p>\n","protected":false},"featured_media":663,"comment_status":"open","ping_status":"closed","template":"","meta":[],"product_brand":[],"product_cat":[],"product_tag":[],"class_list":{"0":"post-857","1":"product","2":"type-product","3":"status-publish","4":"has-post-thumbnail","7":"first","8":"instock","9":"shipping-taxable","10":"purchasable","11":"product-type-simple"},"acf":[],"yoast_head":"<!-- This site is optimized with the Yoast SEO plugin v27.0 - https:\/\/yoast.com\/product\/yoast-seo-wordpress\/ -->\n<title>Yunnan Gold Black Tea - Sinellia Tea<\/title>\n<meta name=\"robots\" content=\"noindex, follow, max-snippet:-1, max-image-preview:large, max-video-preview:-1\" \/>\n<meta property=\"og:locale\" content=\"fr_FR\" \/>\n<meta property=\"og:type\" content=\"article\" \/>\n<meta property=\"og:title\" content=\"Yunnan Gold Black Tea - Sinellia Tea\" \/>\n<meta property=\"og:description\" content=\"Intense, sweet, and velvety.\" \/>\n<meta property=\"og:url\" content=\"https:\/\/sinelliatea.com\/produit\/yunnan-gold-black-tea\/\" \/>\n<meta property=\"og:site_name\" content=\"Sinellia Tea\" \/>\n<meta property=\"article:modified_time\" content=\"2025-09-09T13:51:34+00:00\" \/>\n<meta property=\"og:image\" content=\"https:\/\/sinelliatea.com\/wp-content\/uploads\/2025\/08\/Leonardo_Diffusion_XL_Pile_of_Dragon_Well_Longjing_green_tea_l_0.webp\" \/>\n\t<meta property=\"og:image:width\" content=\"1344\" \/>\n\t<meta property=\"og:image:height\" content=\"896\" \/>\n\t<meta property=\"og:image:type\" content=\"image\/webp\" \/>\n<meta name=\"twitter:card\" content=\"summary_large_image\" \/>\n<script type=\"application\/ld+json\" class=\"yoast-schema-graph\">{\"@context\":\"https:\/\/schema.org\",\"@graph\":[{\"@type\":\"WebPage\",\"@id\":\"https:\/\/sinelliatea.com\/produit\/yunnan-gold-black-tea\/\",\"url\":\"https:\/\/sinelliatea.com\/produit\/yunnan-gold-black-tea\/\",\"name\":\"Yunnan Gold Black Tea - Sinellia Tea\",\"isPartOf\":{\"@id\":\"https:\/\/sinelliatea.com\/#website\"},\"primaryImageOfPage\":{\"@id\":\"https:\/\/sinelliatea.com\/produit\/yunnan-gold-black-tea\/#primaryimage\"},\"image\":{\"@id\":\"https:\/\/sinelliatea.com\/produit\/yunnan-gold-black-tea\/#primaryimage\"},\"thumbnailUrl\":\"https:\/\/sinelliatea.com\/wp-content\/uploads\/2025\/08\/Leonardo_Diffusion_XL_Pile_of_Dragon_Well_Longjing_green_tea_l_0.webp\",\"datePublished\":\"2025-08-13T14:20:33+00:00\",\"dateModified\":\"2025-09-09T13:51:34+00:00\",\"breadcrumb\":{\"@id\":\"https:\/\/sinelliatea.com\/produit\/yunnan-gold-black-tea\/#breadcrumb\"},\"inLanguage\":\"fr-FR\",\"potentialAction\":[{\"@type\":\"ReadAction\",\"target\":[\"https:\/\/sinelliatea.com\/produit\/yunnan-gold-black-tea\/\"]}]},{\"@type\":\"ImageObject\",\"inLanguage\":\"fr-FR\",\"@id\":\"https:\/\/sinelliatea.com\/produit\/yunnan-gold-black-tea\/#primaryimage\",\"url\":\"https:\/\/sinelliatea.com\/wp-content\/uploads\/2025\/08\/Leonardo_Diffusion_XL_Pile_of_Dragon_Well_Longjing_green_tea_l_0.webp\",\"contentUrl\":\"https:\/\/sinelliatea.com\/wp-content\/uploads\/2025\/08\/Leonardo_Diffusion_XL_Pile_of_Dragon_Well_Longjing_green_tea_l_0.webp\",\"width\":1344,\"height\":896},{\"@type\":\"BreadcrumbList\",\"@id\":\"https:\/\/sinelliatea.com\/produit\/yunnan-gold-black-tea\/#breadcrumb\",\"itemListElement\":[{\"@type\":\"ListItem\",\"position\":1,\"name\":\"Portada\",\"item\":\"https:\/\/sinelliatea.com\/fr\/\"},{\"@type\":\"ListItem\",\"position\":2,\"name\":\"Boutique\",\"item\":\"https:\/\/sinelliatea.com\/boutique\/\"},{\"@type\":\"ListItem\",\"position\":3,\"name\":\"Yunnan Gold Black Tea\"}]},{\"@type\":\"WebSite\",\"@id\":\"https:\/\/sinelliatea.com\/#website\",\"url\":\"https:\/\/sinelliatea.com\/\",\"name\":\"Sinellia Tea\",\"description\":\"Desde las monta\u00f1as de China hasta tu taza, hojas seleccionadas con dedicaci\u00f3n y respeto por la tradici\u00f3n.\",\"potentialAction\":[{\"@type\":\"SearchAction\",\"target\":{\"@type\":\"EntryPoint\",\"urlTemplate\":\"https:\/\/sinelliatea.com\/?s={search_term_string}\"},\"query-input\":{\"@type\":\"PropertyValueSpecification\",\"valueRequired\":true,\"valueName\":\"search_term_string\"}}],\"inLanguage\":\"fr-FR\"}]}<\/script>\n<!-- \/ Yoast SEO plugin. -->","yoast_head_json":{"title":"Yunnan Gold Black Tea - Sinellia Tea","robots":{"index":"noindex","follow":"follow","max-snippet":"max-snippet:-1","max-image-preview":"max-image-preview:large","max-video-preview":"max-video-preview:-1"},"og_locale":"fr_FR","og_type":"article","og_title":"Yunnan Gold Black Tea - Sinellia Tea","og_description":"Intense, sweet, and velvety.","og_url":"https:\/\/sinelliatea.com\/produit\/yunnan-gold-black-tea\/","og_site_name":"Sinellia Tea","article_modified_time":"2025-09-09T13:51:34+00:00","og_image":[{"width":1344,"height":896,"url":"https:\/\/sinelliatea.com\/wp-content\/uploads\/2025\/08\/Leonardo_Diffusion_XL_Pile_of_Dragon_Well_Longjing_green_tea_l_0.webp","type":"image\/webp"}],"twitter_card":"summary_large_image","schema":{"@context":"https:\/\/schema.org","@graph":[{"@type":"WebPage","@id":"https:\/\/sinelliatea.com\/produit\/yunnan-gold-black-tea\/","url":"https:\/\/sinelliatea.com\/produit\/yunnan-gold-black-tea\/","name":"Yunnan Gold Black Tea - Sinellia Tea","isPartOf":{"@id":"https:\/\/sinelliatea.com\/#website"},"primaryImageOfPage":{"@id":"https:\/\/sinelliatea.com\/produit\/yunnan-gold-black-tea\/#primaryimage"},"image":{"@id":"https:\/\/sinelliatea.com\/produit\/yunnan-gold-black-tea\/#primaryimage"},"thumbnailUrl":"https:\/\/sinelliatea.com\/wp-content\/uploads\/2025\/08\/Leonardo_Diffusion_XL_Pile_of_Dragon_Well_Longjing_green_tea_l_0.webp","datePublished":"2025-08-13T14:20:33+00:00","dateModified":"2025-09-09T13:51:34+00:00","breadcrumb":{"@id":"https:\/\/sinelliatea.com\/produit\/yunnan-gold-black-tea\/#breadcrumb"},"inLanguage":"fr-FR","potentialAction":[{"@type":"ReadAction","target":["https:\/\/sinelliatea.com\/produit\/yunnan-gold-black-tea\/"]}]},{"@type":"ImageObject","inLanguage":"fr-FR","@id":"https:\/\/sinelliatea.com\/produit\/yunnan-gold-black-tea\/#primaryimage","url":"https:\/\/sinelliatea.com\/wp-content\/uploads\/2025\/08\/Leonardo_Diffusion_XL_Pile_of_Dragon_Well_Longjing_green_tea_l_0.webp","contentUrl":"https:\/\/sinelliatea.com\/wp-content\/uploads\/2025\/08\/Leonardo_Diffusion_XL_Pile_of_Dragon_Well_Longjing_green_tea_l_0.webp","width":1344,"height":896},{"@type":"BreadcrumbList","@id":"https:\/\/sinelliatea.com\/produit\/yunnan-gold-black-tea\/#breadcrumb","itemListElement":[{"@type":"ListItem","position":1,"name":"Portada","item":"https:\/\/sinelliatea.com\/fr\/"},{"@type":"ListItem","position":2,"name":"Boutique","item":"https:\/\/sinelliatea.com\/boutique\/"},{"@type":"ListItem","position":3,"name":"Yunnan Gold Black Tea"}]},{"@type":"WebSite","@id":"https:\/\/sinelliatea.com\/#website","url":"https:\/\/sinelliatea.com\/","name":"Sinellia Tea","description":"Desde las monta\u00f1as de China hasta tu taza, hojas seleccionadas con dedicaci\u00f3n y respeto por la tradici\u00f3n.","potentialAction":[{"@type":"SearchAction","target":{"@type":"EntryPoint","urlTemplate":"https:\/\/sinelliatea.com\/?s={search_term_string}"},"query-input":{"@type":"PropertyValueSpecification","valueRequired":true,"valueName":"search_term_string"}}],"inLanguage":"fr-FR"}]}},"_links":{"self":[{"href":"https:\/\/sinelliatea.com\/fr\/wp-json\/wp\/v2\/product\/857","targetHints":{"allow":["GET"]}}],"collection":[{"href":"https:\/\/sinelliatea.com\/fr\/wp-json\/wp\/v2\/product"}],"about":[{"href":"https:\/\/sinelliatea.com\/fr\/wp-json\/wp\/v2\/types\/product"}],"replies":[{"embeddable":true,"href":"https:\/\/sinelliatea.com\/fr\/wp-json\/wp\/v2\/comments?post=857"}],"wp:featuredmedia":[{"embeddable":true,"href":"https:\/\/sinelliatea.com\/fr\/wp-json\/wp\/v2\/media\/663"}],"wp:attachment":[{"href":"https:\/\/sinelliatea.com\/fr\/wp-json\/wp\/v2\/media?parent=857"}],"wp:term":[{"taxonomy":"product_brand","embeddable":true,"href":"https:\/\/sinelliatea.com\/fr\/wp-json\/wp\/v2\/product_brand?post=857"},{"taxonomy":"product_cat","embeddable":true,"href":"https:\/\/sinelliatea.com\/fr\/wp-json\/wp\/v2\/product_cat?post=857"},{"taxonomy":"product_tag","embeddable":true,"href":"https:\/\/sinelliatea.com\/fr\/wp-json\/wp\/v2\/product_tag?post=857"}],"curies":[{"name":"wp","href":"https:\/\/api.w.org\/{rel}","templated":true}]}}