{"id":1124,"date":"2025-08-29T14:31:07","date_gmt":"2025-08-29T19:31:07","guid":{"rendered":"https:\/\/sinelliatea.com\/?post_type=product&#038;p=1124"},"modified":"2025-09-25T09:56:54","modified_gmt":"2025-09-25T14:56:54","slug":"puer-2017-cut-in-pieces","status":"publish","type":"product","link":"https:\/\/sinelliatea.com\/fr\/produit\/puer-2017-cut-in-pieces\/","title":{"rendered":"Puer 2017 (Cut in Pieces)"},"content":{"rendered":"<p>Post Fermented Teas usually undergo a lengthy production process, that requires a lot of attention to achieve the right level of ripeness, proper flavor profile and aroma profile.<br \/>\nThis teas can be stored for a long period of time and like wine the older the better. Great for your digestive system and the gut health. Keep it in a dry, dark, odor free environment.<\/p>\n","protected":false},"excerpt":{"rendered":"<p>Post Fermented Tea. Aged for a few years in order to achieve the right ripeness. Soothing and great to accompany any kind of meal.<\/p>\n","protected":false},"featured_media":1104,"comment_status":"open","ping_status":"closed","template":"","meta":[],"product_brand":[],"product_cat":[69],"product_tag":[],"class_list":{"0":"post-1124","1":"product","2":"type-product","3":"status-publish","4":"has-post-thumbnail","6":"product_cat-tea-leaves","7":"pa_weight-50grs","8":"pa_weight-100grs","9":"pa_weight-257grs","10":"pa_weight-357grs","12":"first","13":"instock","14":"shipping-taxable","15":"purchasable","16":"product-type-variable"},"acf":[],"yoast_head":"<!-- This site is optimized with the Yoast SEO plugin v27.0 - https:\/\/yoast.com\/product\/yoast-seo-wordpress\/ -->\n<title>Puer 2017 (Cut in Pieces) - Sinellia Tea<\/title>\n<meta name=\"robots\" content=\"noindex, follow, max-snippet:-1, max-image-preview:large, max-video-preview:-1\" \/>\n<meta property=\"og:locale\" content=\"fr_FR\" \/>\n<meta property=\"og:type\" content=\"article\" \/>\n<meta property=\"og:title\" content=\"Puer 2017 (Cut in Pieces) - Sinellia Tea\" \/>\n<meta property=\"og:description\" content=\"Post Fermented Tea. Aged for a few years in order to achieve the right ripeness. Soothing and great to accompany any kind of meal.\" \/>\n<meta property=\"og:url\" content=\"https:\/\/sinelliatea.com\/product\/puer-2017-cut-in-pieces\/\" \/>\n<meta property=\"og:site_name\" content=\"Sinellia Tea\" \/>\n<meta property=\"article:modified_time\" content=\"2025-09-25T14:56:54+00:00\" \/>\n<meta property=\"og:image\" content=\"https:\/\/sinelliatea.com\/wp-content\/uploads\/2025\/08\/Dense-Emerald-2.webp\" \/>\n\t<meta property=\"og:image:width\" content=\"907\" \/>\n\t<meta property=\"og:image:height\" content=\"593\" \/>\n\t<meta property=\"og:image:type\" content=\"image\/webp\" \/>\n<meta name=\"twitter:card\" content=\"summary_large_image\" \/>\n<meta name=\"twitter:label1\" content=\"Dur\u00e9e de lecture estim\u00e9e\" \/>\n\t<meta name=\"twitter:data1\" content=\"1 minute\" \/>\n<script type=\"application\/ld+json\" class=\"yoast-schema-graph\">{\"@context\":\"https:\/\/schema.org\",\"@graph\":[{\"@type\":\"WebPage\",\"@id\":\"https:\/\/sinelliatea.com\/product\/puer-2017-cut-in-pieces\/\",\"url\":\"https:\/\/sinelliatea.com\/product\/puer-2017-cut-in-pieces\/\",\"name\":\"Puer 2017 (Cut in Pieces) - Sinellia Tea\",\"isPartOf\":{\"@id\":\"https:\/\/sinelliatea.com\/#website\"},\"primaryImageOfPage\":{\"@id\":\"https:\/\/sinelliatea.com\/product\/puer-2017-cut-in-pieces\/#primaryimage\"},\"image\":{\"@id\":\"https:\/\/sinelliatea.com\/product\/puer-2017-cut-in-pieces\/#primaryimage\"},\"thumbnailUrl\":\"https:\/\/sinelliatea.com\/wp-content\/uploads\/2025\/08\/Dense-Emerald-2.webp\",\"datePublished\":\"2025-08-29T19:31:07+00:00\",\"dateModified\":\"2025-09-25T14:56:54+00:00\",\"breadcrumb\":{\"@id\":\"https:\/\/sinelliatea.com\/product\/puer-2017-cut-in-pieces\/#breadcrumb\"},\"inLanguage\":\"fr-FR\",\"potentialAction\":[{\"@type\":\"ReadAction\",\"target\":[\"https:\/\/sinelliatea.com\/product\/puer-2017-cut-in-pieces\/\"]}]},{\"@type\":\"ImageObject\",\"inLanguage\":\"fr-FR\",\"@id\":\"https:\/\/sinelliatea.com\/product\/puer-2017-cut-in-pieces\/#primaryimage\",\"url\":\"https:\/\/sinelliatea.com\/wp-content\/uploads\/2025\/08\/Dense-Emerald-2.webp\",\"contentUrl\":\"https:\/\/sinelliatea.com\/wp-content\/uploads\/2025\/08\/Dense-Emerald-2.webp\",\"width\":907,\"height\":593},{\"@type\":\"BreadcrumbList\",\"@id\":\"https:\/\/sinelliatea.com\/product\/puer-2017-cut-in-pieces\/#breadcrumb\",\"itemListElement\":[{\"@type\":\"ListItem\",\"position\":1,\"name\":\"Portada\",\"item\":\"https:\/\/sinelliatea.com\/fr\/\"},{\"@type\":\"ListItem\",\"position\":2,\"name\":\"Boutique\",\"item\":\"https:\/\/sinelliatea.com\/boutique\/\"},{\"@type\":\"ListItem\",\"position\":3,\"name\":\"Puer 2017 (Cut in Pieces)\"}]},{\"@type\":\"WebSite\",\"@id\":\"https:\/\/sinelliatea.com\/#website\",\"url\":\"https:\/\/sinelliatea.com\/\",\"name\":\"Sinellia Tea\",\"description\":\"Desde las monta\u00f1as de China hasta tu taza, hojas seleccionadas con dedicaci\u00f3n y respeto por la tradici\u00f3n.\",\"potentialAction\":[{\"@type\":\"SearchAction\",\"target\":{\"@type\":\"EntryPoint\",\"urlTemplate\":\"https:\/\/sinelliatea.com\/?s={search_term_string}\"},\"query-input\":{\"@type\":\"PropertyValueSpecification\",\"valueRequired\":true,\"valueName\":\"search_term_string\"}}],\"inLanguage\":\"fr-FR\"}]}<\/script>\n<!-- \/ Yoast SEO plugin. -->","yoast_head_json":{"title":"Puer 2017 (Cut in Pieces) - Sinellia Tea","robots":{"index":"noindex","follow":"follow","max-snippet":"max-snippet:-1","max-image-preview":"max-image-preview:large","max-video-preview":"max-video-preview:-1"},"og_locale":"fr_FR","og_type":"article","og_title":"Puer 2017 (Cut in Pieces) - Sinellia Tea","og_description":"Post Fermented Tea. Aged for a few years in order to achieve the right ripeness. Soothing and great to accompany any kind of meal.","og_url":"https:\/\/sinelliatea.com\/product\/puer-2017-cut-in-pieces\/","og_site_name":"Sinellia Tea","article_modified_time":"2025-09-25T14:56:54+00:00","og_image":[{"width":907,"height":593,"url":"https:\/\/sinelliatea.com\/wp-content\/uploads\/2025\/08\/Dense-Emerald-2.webp","type":"image\/webp"}],"twitter_card":"summary_large_image","twitter_misc":{"Dur\u00e9e de lecture estim\u00e9e":"1 minute"},"schema":{"@context":"https:\/\/schema.org","@graph":[{"@type":"WebPage","@id":"https:\/\/sinelliatea.com\/product\/puer-2017-cut-in-pieces\/","url":"https:\/\/sinelliatea.com\/product\/puer-2017-cut-in-pieces\/","name":"Puer 2017 (Cut in Pieces) - Sinellia Tea","isPartOf":{"@id":"https:\/\/sinelliatea.com\/#website"},"primaryImageOfPage":{"@id":"https:\/\/sinelliatea.com\/product\/puer-2017-cut-in-pieces\/#primaryimage"},"image":{"@id":"https:\/\/sinelliatea.com\/product\/puer-2017-cut-in-pieces\/#primaryimage"},"thumbnailUrl":"https:\/\/sinelliatea.com\/wp-content\/uploads\/2025\/08\/Dense-Emerald-2.webp","datePublished":"2025-08-29T19:31:07+00:00","dateModified":"2025-09-25T14:56:54+00:00","breadcrumb":{"@id":"https:\/\/sinelliatea.com\/product\/puer-2017-cut-in-pieces\/#breadcrumb"},"inLanguage":"fr-FR","potentialAction":[{"@type":"ReadAction","target":["https:\/\/sinelliatea.com\/product\/puer-2017-cut-in-pieces\/"]}]},{"@type":"ImageObject","inLanguage":"fr-FR","@id":"https:\/\/sinelliatea.com\/product\/puer-2017-cut-in-pieces\/#primaryimage","url":"https:\/\/sinelliatea.com\/wp-content\/uploads\/2025\/08\/Dense-Emerald-2.webp","contentUrl":"https:\/\/sinelliatea.com\/wp-content\/uploads\/2025\/08\/Dense-Emerald-2.webp","width":907,"height":593},{"@type":"BreadcrumbList","@id":"https:\/\/sinelliatea.com\/product\/puer-2017-cut-in-pieces\/#breadcrumb","itemListElement":[{"@type":"ListItem","position":1,"name":"Portada","item":"https:\/\/sinelliatea.com\/fr\/"},{"@type":"ListItem","position":2,"name":"Boutique","item":"https:\/\/sinelliatea.com\/boutique\/"},{"@type":"ListItem","position":3,"name":"Puer 2017 (Cut in Pieces)"}]},{"@type":"WebSite","@id":"https:\/\/sinelliatea.com\/#website","url":"https:\/\/sinelliatea.com\/","name":"Sinellia Tea","description":"Desde las monta\u00f1as de China hasta tu taza, hojas seleccionadas con dedicaci\u00f3n y respeto por la tradici\u00f3n.","potentialAction":[{"@type":"SearchAction","target":{"@type":"EntryPoint","urlTemplate":"https:\/\/sinelliatea.com\/?s={search_term_string}"},"query-input":{"@type":"PropertyValueSpecification","valueRequired":true,"valueName":"search_term_string"}}],"inLanguage":"fr-FR"}]}},"_links":{"self":[{"href":"https:\/\/sinelliatea.com\/fr\/wp-json\/wp\/v2\/product\/1124","targetHints":{"allow":["GET"]}}],"collection":[{"href":"https:\/\/sinelliatea.com\/fr\/wp-json\/wp\/v2\/product"}],"about":[{"href":"https:\/\/sinelliatea.com\/fr\/wp-json\/wp\/v2\/types\/product"}],"replies":[{"embeddable":true,"href":"https:\/\/sinelliatea.com\/fr\/wp-json\/wp\/v2\/comments?post=1124"}],"wp:featuredmedia":[{"embeddable":true,"href":"https:\/\/sinelliatea.com\/fr\/wp-json\/wp\/v2\/media\/1104"}],"wp:attachment":[{"href":"https:\/\/sinelliatea.com\/fr\/wp-json\/wp\/v2\/media?parent=1124"}],"wp:term":[{"taxonomy":"product_brand","embeddable":true,"href":"https:\/\/sinelliatea.com\/fr\/wp-json\/wp\/v2\/product_brand?post=1124"},{"taxonomy":"product_cat","embeddable":true,"href":"https:\/\/sinelliatea.com\/fr\/wp-json\/wp\/v2\/product_cat?post=1124"},{"taxonomy":"product_tag","embeddable":true,"href":"https:\/\/sinelliatea.com\/fr\/wp-json\/wp\/v2\/product_tag?post=1124"}],"curies":[{"name":"wp","href":"https:\/\/api.w.org\/{rel}","templated":true}]}}