{"id":918,"date":"2025-08-15T09:43:46","date_gmt":"2025-08-15T14:43:46","guid":{"rendered":"https:\/\/sinelliatea.com\/politique-de-confidentialite\/"},"modified":"2025-08-16T10:27:34","modified_gmt":"2025-08-16T15:27:34","slug":"politique-de-confidentialite","status":"publish","type":"page","link":"https:\/\/sinelliatea.com\/fr\/politique-de-confidentialite\/","title":{"rendered":"Politique de confidentialit\u00e9"},"content":{"rendered":"&#13;\n<p>Cette politique de confidentialit\u00e9 d\u00e9finit les conditions d&rsquo;utilisation et de protection des informations fournies par les utilisateurs de son site web par Sinellia Tea. Cette entreprise s&rsquo;engage \u00e0 assurer la s\u00e9curit\u00e9 des donn\u00e9es de ses utilisateurs. Lorsque nous vous demandons de remplir les champs avec des informations personnelles permettant de vous identifier, nous garantissons que ces informations seront utilis\u00e9es conform\u00e9ment aux conditions du pr\u00e9sent document. Cependant, cette politique de confidentialit\u00e9 est susceptible d&rsquo;\u00eatre modifi\u00e9e ou mise \u00e0 jour. Nous vous recommandons donc de consulter r\u00e9guli\u00e8rement cette page afin de vous assurer que vous acceptez ces modifications.<\/p>&#13;\n<p><strong>Informations collect\u00e9es<\/strong><\/p>&#13;\n<p>Notre site web peut collecter des informations personnelles, telles que votre nom, vos coordonn\u00e9es (adresse e-mail, etc.) et des informations d\u00e9mographiques. De m\u00eame, si n\u00e9cessaire, des informations sp\u00e9cifiques peuvent \u00eatre demand\u00e9es pour traiter une commande, une livraison ou une facturation.<\/p>&#13;\n<p><strong>Utilisation des informations collect\u00e9es<\/strong><\/p>&#13;\n<p>Notre site web utilise ces informations pour vous offrir le meilleur service possible, notamment pour conserver les dossiers des utilisateurs et des commandes, le cas \u00e9ch\u00e9ant, et pour am\u00e9liorer nos produits et services. Des e-mails p\u00e9riodiques peuvent \u00eatre envoy\u00e9s via notre site, contenant des offres sp\u00e9ciales, des nouveaux produits et d&rsquo;autres informations promotionnelles que nous jugeons pertinentes pour vous ou susceptibles de vous apporter un avantage. Ces e-mails seront envoy\u00e9s \u00e0 l&rsquo;adresse que vous avez fournie et vous pouvez vous d\u00e9sabonner \u00e0 tout moment.<\/p>&#13;\n<p>Sinellia Tea s&rsquo;engage pleinement \u00e0 prot\u00e9ger vos informations. Nous utilisons les syst\u00e8mes les plus avanc\u00e9s et les mettons constamment \u00e0 jour pour emp\u00eacher tout acc\u00e8s non autoris\u00e9.<\/p>&#13;\n<p><strong>Cookies<\/strong><\/p>&#13;\n<p>Un cookie est un fichier envoy\u00e9 pour demander l&rsquo;autorisation d&rsquo;\u00eatre stock\u00e9 sur votre ordinateur. En acceptant ce fichier, il est cr\u00e9\u00e9 et le cookie sert ensuite \u00e0 collecter des informations sur le trafic web. Les cookies permettent \u00e9galement aux sites web de vous reconna\u00eetre individuellement et de vous offrir un service personnalis\u00e9 optimal.<\/p>&#13;\n<p>Notre site web utilise des cookies pour identifier les pages visit\u00e9es et leur fr\u00e9quence. Ces informations sont utilis\u00e9es uniquement \u00e0 des fins d&rsquo;analyse statistique et sont ensuite supprim\u00e9es d\u00e9finitivement. Vous pouvez supprimer les cookies de votre ordinateur \u00e0 tout moment. Cependant, les cookies contribuent \u00e0 am\u00e9liorer le service sur les sites web ; ils ne donnent pas acc\u00e8s aux informations vous concernant ou concernant votre ordinateur, sauf si vous le souhaitez et les fournissez directement. Vous pouvez accepter ou refuser l&rsquo;utilisation de cookies. Cependant, la plupart des navigateurs acceptent automatiquement les cookies, ce qui contribue \u00e0 am\u00e9liorer le service web. Vous pouvez \u00e9galement modifier les param\u00e8tres de votre ordinateur pour refuser les cookies. Si vous refusez les cookies, vous risquez de ne pas pouvoir utiliser certains de nos services.<\/p>&#13;\n<p><strong>Liens tiers<\/strong><\/p>&#13;\n<p>Ce site web peut contenir des liens vers d&rsquo;autres sites susceptibles de vous int\u00e9resser. Une fois que vous avez cliqu\u00e9 sur ces liens et quitt\u00e9 notre page, nous n&rsquo;avons plus aucun contr\u00f4le sur le site vers lequel vous \u00eates redirig\u00e9 et, par cons\u00e9quent, nous ne sommes pas responsables des conditions d&rsquo;utilisation, de la confidentialit\u00e9 ou de la protection de vos donn\u00e9es sur ces sites tiers. Ces sites sont soumis \u00e0 leurs propres politiques de confidentialit\u00e9 ; nous vous recommandons donc de les consulter pour confirmer votre accord.<\/p>&#13;\n<p><strong>Contr\u00f4le de vos informations personnelles<\/strong><\/p>&#13;\n<p>Vous pouvez \u00e0 tout moment restreindre la collecte ou l&rsquo;utilisation des informations personnelles fournies sur notre site web. Chaque fois que vous \u00eates invit\u00e9 \u00e0 remplir un formulaire, tel que le formulaire d&rsquo;inscription, vous pouvez s\u00e9lectionner ou d\u00e9s\u00e9lectionner l&rsquo;option de r\u00e9ception d&rsquo;informations par e-mail. Si vous avez choisi de recevoir notre newsletter ou nos publicit\u00e9s, vous pouvez vous d\u00e9sabonner \u00e0 tout moment.<\/p>&#13;\n<p>Cette soci\u00e9t\u00e9 ne vendra, ne c\u00e9dera ni ne distribuera les informations personnelles collect\u00e9es sans votre consentement, sauf si un tribunal l&rsquo;exige.<\/p>&#13;\n<p>Sinellia Tea se r\u00e9serve le droit de modifier les termes de cette politique de confidentialit\u00e9 \u00e0 tout moment.<\/p>&#13;\n","protected":false},"excerpt":{"rendered":"<p>&#13; Cette politique de confidentialit\u00e9 d\u00e9finit les conditions d&rsquo;utilisation et de protection des informations fournies par les utilisateurs de son site web par Sinellia Tea. Cette entreprise s&rsquo;engage \u00e0 assurer la s\u00e9curit\u00e9 des donn\u00e9es de ses utilisateurs. Lorsque nous vous demandons de remplir les champs avec des informations personnelles permettant de vous identifier, nous garantissons [&hellip;]<\/p>\n","protected":false},"author":1,"featured_media":0,"parent":0,"menu_order":0,"comment_status":"closed","ping_status":"closed","template":"","meta":{"footnotes":""},"pages_categories":[],"class_list":["post-918","page","type-page","status-publish","hentry"],"acf":[],"yoast_head":"<!-- This site is optimized with the Yoast SEO plugin v27.0 - https:\/\/yoast.com\/product\/yoast-seo-wordpress\/ -->\n<title>Politique de confidentialit\u00e9 - Sinellia Tea<\/title>\n<meta name=\"robots\" content=\"noindex, follow, max-snippet:-1, max-image-preview:large, max-video-preview:-1\" \/>\n<meta property=\"og:locale\" content=\"fr_FR\" \/>\n<meta property=\"og:type\" content=\"article\" \/>\n<meta property=\"og:title\" content=\"Politique de confidentialit\u00e9 - Sinellia Tea\" \/>\n<meta property=\"og:description\" content=\"&#013; Cette politique de confidentialit\u00e9 d\u00e9finit les conditions d&rsquo;utilisation et de protection des informations fournies par les utilisateurs de son site web par Sinellia Tea. Cette entreprise s&rsquo;engage \u00e0 assurer la s\u00e9curit\u00e9 des donn\u00e9es de ses utilisateurs. Lorsque nous vous demandons de remplir les champs avec des informations personnelles permettant de vous identifier, nous garantissons [&hellip;]\" \/>\n<meta property=\"og:url\" content=\"https:\/\/sinelliatea.com\/fr\/politique-de-confidentialite\/\" \/>\n<meta property=\"og:site_name\" content=\"Sinellia Tea\" \/>\n<meta property=\"article:modified_time\" content=\"2025-08-16T15:27:34+00:00\" \/>\n<meta name=\"twitter:card\" content=\"summary_large_image\" \/>\n<meta name=\"twitter:label1\" content=\"Dur\u00e9e de lecture estim\u00e9e\" \/>\n\t<meta name=\"twitter:data1\" content=\"3 minutes\" \/>\n<script type=\"application\/ld+json\" class=\"yoast-schema-graph\">{\"@context\":\"https:\/\/schema.org\",\"@graph\":[{\"@type\":\"WebPage\",\"@id\":\"https:\/\/sinelliatea.com\/fr\/politique-de-confidentialite\/\",\"url\":\"https:\/\/sinelliatea.com\/fr\/politique-de-confidentialite\/\",\"name\":\"Politique de confidentialit\u00e9 - Sinellia Tea\",\"isPartOf\":{\"@id\":\"https:\/\/sinelliatea.com\/#website\"},\"datePublished\":\"2025-08-15T14:43:46+00:00\",\"dateModified\":\"2025-08-16T15:27:34+00:00\",\"breadcrumb\":{\"@id\":\"https:\/\/sinelliatea.com\/fr\/politique-de-confidentialite\/#breadcrumb\"},\"inLanguage\":\"fr-FR\",\"potentialAction\":[{\"@type\":\"ReadAction\",\"target\":[\"https:\/\/sinelliatea.com\/fr\/politique-de-confidentialite\/\"]}]},{\"@type\":\"BreadcrumbList\",\"@id\":\"https:\/\/sinelliatea.com\/fr\/politique-de-confidentialite\/#breadcrumb\",\"itemListElement\":[{\"@type\":\"ListItem\",\"position\":1,\"name\":\"Portada\",\"item\":\"https:\/\/sinelliatea.com\/fr\/\"},{\"@type\":\"ListItem\",\"position\":2,\"name\":\"Politique de confidentialit\u00e9\"}]},{\"@type\":\"WebSite\",\"@id\":\"https:\/\/sinelliatea.com\/#website\",\"url\":\"https:\/\/sinelliatea.com\/\",\"name\":\"Sinellia Tea\",\"description\":\"Desde las monta\u00f1as de China hasta tu taza, hojas seleccionadas con dedicaci\u00f3n y respeto por la tradici\u00f3n.\",\"potentialAction\":[{\"@type\":\"SearchAction\",\"target\":{\"@type\":\"EntryPoint\",\"urlTemplate\":\"https:\/\/sinelliatea.com\/?s={search_term_string}\"},\"query-input\":{\"@type\":\"PropertyValueSpecification\",\"valueRequired\":true,\"valueName\":\"search_term_string\"}}],\"inLanguage\":\"fr-FR\"}]}<\/script>\n<!-- \/ Yoast SEO plugin. -->","yoast_head_json":{"title":"Politique de confidentialit\u00e9 - Sinellia Tea","robots":{"index":"noindex","follow":"follow","max-snippet":"max-snippet:-1","max-image-preview":"max-image-preview:large","max-video-preview":"max-video-preview:-1"},"og_locale":"fr_FR","og_type":"article","og_title":"Politique de confidentialit\u00e9 - Sinellia Tea","og_description":"&#13; Cette politique de confidentialit\u00e9 d\u00e9finit les conditions d&rsquo;utilisation et de protection des informations fournies par les utilisateurs de son site web par Sinellia Tea. Cette entreprise s&rsquo;engage \u00e0 assurer la s\u00e9curit\u00e9 des donn\u00e9es de ses utilisateurs. Lorsque nous vous demandons de remplir les champs avec des informations personnelles permettant de vous identifier, nous garantissons [&hellip;]","og_url":"https:\/\/sinelliatea.com\/fr\/politique-de-confidentialite\/","og_site_name":"Sinellia Tea","article_modified_time":"2025-08-16T15:27:34+00:00","twitter_card":"summary_large_image","twitter_misc":{"Dur\u00e9e de lecture estim\u00e9e":"3 minutes"},"schema":{"@context":"https:\/\/schema.org","@graph":[{"@type":"WebPage","@id":"https:\/\/sinelliatea.com\/fr\/politique-de-confidentialite\/","url":"https:\/\/sinelliatea.com\/fr\/politique-de-confidentialite\/","name":"Politique de confidentialit\u00e9 - Sinellia Tea","isPartOf":{"@id":"https:\/\/sinelliatea.com\/#website"},"datePublished":"2025-08-15T14:43:46+00:00","dateModified":"2025-08-16T15:27:34+00:00","breadcrumb":{"@id":"https:\/\/sinelliatea.com\/fr\/politique-de-confidentialite\/#breadcrumb"},"inLanguage":"fr-FR","potentialAction":[{"@type":"ReadAction","target":["https:\/\/sinelliatea.com\/fr\/politique-de-confidentialite\/"]}]},{"@type":"BreadcrumbList","@id":"https:\/\/sinelliatea.com\/fr\/politique-de-confidentialite\/#breadcrumb","itemListElement":[{"@type":"ListItem","position":1,"name":"Portada","item":"https:\/\/sinelliatea.com\/fr\/"},{"@type":"ListItem","position":2,"name":"Politique de confidentialit\u00e9"}]},{"@type":"WebSite","@id":"https:\/\/sinelliatea.com\/#website","url":"https:\/\/sinelliatea.com\/","name":"Sinellia Tea","description":"Desde las monta\u00f1as de China hasta tu taza, hojas seleccionadas con dedicaci\u00f3n y respeto por la tradici\u00f3n.","potentialAction":[{"@type":"SearchAction","target":{"@type":"EntryPoint","urlTemplate":"https:\/\/sinelliatea.com\/?s={search_term_string}"},"query-input":{"@type":"PropertyValueSpecification","valueRequired":true,"valueName":"search_term_string"}}],"inLanguage":"fr-FR"}]}},"_links":{"self":[{"href":"https:\/\/sinelliatea.com\/fr\/wp-json\/wp\/v2\/pages\/918","targetHints":{"allow":["GET"]}}],"collection":[{"href":"https:\/\/sinelliatea.com\/fr\/wp-json\/wp\/v2\/pages"}],"about":[{"href":"https:\/\/sinelliatea.com\/fr\/wp-json\/wp\/v2\/types\/page"}],"author":[{"embeddable":true,"href":"https:\/\/sinelliatea.com\/fr\/wp-json\/wp\/v2\/users\/1"}],"replies":[{"embeddable":true,"href":"https:\/\/sinelliatea.com\/fr\/wp-json\/wp\/v2\/comments?post=918"}],"version-history":[{"count":1,"href":"https:\/\/sinelliatea.com\/fr\/wp-json\/wp\/v2\/pages\/918\/revisions"}],"predecessor-version":[{"id":919,"href":"https:\/\/sinelliatea.com\/fr\/wp-json\/wp\/v2\/pages\/918\/revisions\/919"}],"wp:attachment":[{"href":"https:\/\/sinelliatea.com\/fr\/wp-json\/wp\/v2\/media?parent=918"}],"wp:term":[{"taxonomy":"pages_categories","embeddable":true,"href":"https:\/\/sinelliatea.com\/fr\/wp-json\/wp\/v2\/pages_categories?post=918"}],"curies":[{"name":"wp","href":"https:\/\/api.w.org\/{rel}","templated":true}]}}