{"id":844,"date":"2025-08-01T15:21:26","date_gmt":"2025-08-01T20:21:26","guid":{"rendered":"https:\/\/sinelliatea.com\/mon-compte\/"},"modified":"2025-09-01T09:26:40","modified_gmt":"2025-09-01T14:26:40","slug":"mon-compte","status":"publish","type":"page","link":"https:\/\/sinelliatea.com\/fr\/mon-compte\/","title":{"rendered":"Mon compte"},"content":{"rendered":"\t\t<div data-elementor-type=\"wp-page\" data-elementor-id=\"844\" class=\"elementor elementor-844 elementor-837\" data-elementor-post-type=\"page\">\n\t\t\t\t<div class=\"elementor-element elementor-element-96b092f e-flex e-con-boxed e-con e-parent\" data-id=\"96b092f\" data-element_type=\"container\" data-e-type=\"container\" data-settings=\"{&quot;background_background&quot;:&quot;classic&quot;,&quot;background_motion_fx_motion_fx_scrolling&quot;:&quot;yes&quot;,&quot;background_motion_fx_translateY_effect&quot;:&quot;yes&quot;,&quot;background_motion_fx_translateY_speed&quot;:{&quot;unit&quot;:&quot;px&quot;,&quot;size&quot;:10,&quot;sizes&quot;:[]},&quot;background_motion_fx_devices&quot;:[&quot;desktop&quot;,&quot;tablet&quot;],&quot;background_motion_fx_translateY_affectedRange&quot;:{&quot;unit&quot;:&quot;%&quot;,&quot;size&quot;:&quot;&quot;,&quot;sizes&quot;:{&quot;start&quot;:0,&quot;end&quot;:100}}}\">\n\t\t\t\t\t<div class=\"e-con-inner\">\n\t\t<div class=\"elementor-element elementor-element-27382b4 e-con-full e-flex e-con e-child\" data-id=\"27382b4\" data-element_type=\"container\" data-e-type=\"container\">\n\t\t\t\t<div class=\"elementor-element elementor-element-3dc8ed1 elementor-widget elementor-widget-heading\" data-id=\"3dc8ed1\" data-element_type=\"widget\" data-e-type=\"widget\" data-widget_type=\"heading.default\">\n\t\t\t\t\t<h1 class=\"elementor-heading-title elementor-size-default\">Mon compte<\/h1>\t\t\t\t<\/div>\n\t\t\t\t<\/div>\n\t\t\t\t\t<\/div>\n\t\t\t\t<\/div>\n\t\t<div class=\"elementor-element elementor-element-d6ee347 e-flex e-con-boxed e-con e-parent\" data-id=\"d6ee347\" data-element_type=\"container\" data-e-type=\"container\" data-settings=\"{&quot;background_background&quot;:&quot;classic&quot;}\">\n\t\t\t\t\t<div class=\"e-con-inner\">\n\t\t\t\t<div class=\"elementor-element elementor-element-96a88d5 e-my-account-tabs-vertical elementor-widget elementor-widget-woocommerce-my-account\" data-id=\"96a88d5\" data-element_type=\"widget\" data-e-type=\"widget\" data-widget_type=\"woocommerce-my-account.default\">\n\t\t\t\t\t<div class=\"e-my-account-tab e-my-account-tab__ \">\t\t\t<div class=\"woocommerce\"><\/div>\t\t<\/div>\n\t\t\t\t\t\t<\/div>\n\t\t\t\t\t<\/div>\n\t\t\t\t<\/div>\n\t\t\t\t<\/div>\n\t\t","protected":false},"excerpt":{"rendered":"<p>Mon compte<\/p>\n","protected":false},"author":1,"featured_media":0,"parent":0,"menu_order":0,"comment_status":"closed","ping_status":"closed","template":"elementor_header_footer","meta":{"footnotes":""},"pages_categories":[],"class_list":["post-844","page","type-page","status-publish","hentry"],"acf":[],"yoast_head":"<!-- This site is optimized with the Yoast SEO plugin v27.0 - https:\/\/yoast.com\/product\/yoast-seo-wordpress\/ -->\n<title>Mon compte - Sinellia Tea<\/title>\n<meta name=\"robots\" content=\"noindex, follow, max-snippet:-1, max-image-preview:large, max-video-preview:-1\" \/>\n<meta property=\"og:locale\" content=\"fr_FR\" \/>\n<meta property=\"og:type\" content=\"article\" \/>\n<meta property=\"og:title\" content=\"Mon compte - Sinellia Tea\" \/>\n<meta property=\"og:description\" content=\"Mon compte\" \/>\n<meta property=\"og:url\" content=\"https:\/\/sinelliatea.com\/fr\/mon-compte\/\" \/>\n<meta property=\"og:site_name\" content=\"Sinellia Tea\" \/>\n<meta property=\"article:modified_time\" content=\"2025-09-01T14:26:40+00:00\" \/>\n<meta name=\"twitter:card\" content=\"summary_large_image\" \/>\n<script type=\"application\/ld+json\" class=\"yoast-schema-graph\">{\"@context\":\"https:\/\/schema.org\",\"@graph\":[{\"@type\":\"WebPage\",\"@id\":\"https:\/\/sinelliatea.com\/fr\/mon-compte\/\",\"url\":\"https:\/\/sinelliatea.com\/fr\/mon-compte\/\",\"name\":\"Mon compte - Sinellia Tea\",\"isPartOf\":{\"@id\":\"https:\/\/sinelliatea.com\/#website\"},\"datePublished\":\"2025-08-01T20:21:26+00:00\",\"dateModified\":\"2025-09-01T14:26:40+00:00\",\"breadcrumb\":{\"@id\":\"https:\/\/sinelliatea.com\/fr\/mon-compte\/#breadcrumb\"},\"inLanguage\":\"fr-FR\",\"potentialAction\":[{\"@type\":\"ReadAction\",\"target\":[\"https:\/\/sinelliatea.com\/fr\/mon-compte\/\"]}]},{\"@type\":\"BreadcrumbList\",\"@id\":\"https:\/\/sinelliatea.com\/fr\/mon-compte\/#breadcrumb\",\"itemListElement\":[{\"@type\":\"ListItem\",\"position\":1,\"name\":\"Portada\",\"item\":\"https:\/\/sinelliatea.com\/fr\/\"},{\"@type\":\"ListItem\",\"position\":2,\"name\":\"Mon compte\"}]},{\"@type\":\"WebSite\",\"@id\":\"https:\/\/sinelliatea.com\/#website\",\"url\":\"https:\/\/sinelliatea.com\/\",\"name\":\"Sinellia Tea\",\"description\":\"Desde las monta\u00f1as de China hasta tu taza, hojas seleccionadas con dedicaci\u00f3n y respeto por la tradici\u00f3n.\",\"potentialAction\":[{\"@type\":\"SearchAction\",\"target\":{\"@type\":\"EntryPoint\",\"urlTemplate\":\"https:\/\/sinelliatea.com\/?s={search_term_string}\"},\"query-input\":{\"@type\":\"PropertyValueSpecification\",\"valueRequired\":true,\"valueName\":\"search_term_string\"}}],\"inLanguage\":\"fr-FR\"}]}<\/script>\n<!-- \/ Yoast SEO plugin. -->","yoast_head_json":{"title":"Mon compte - Sinellia Tea","robots":{"index":"noindex","follow":"follow","max-snippet":"max-snippet:-1","max-image-preview":"max-image-preview:large","max-video-preview":"max-video-preview:-1"},"og_locale":"fr_FR","og_type":"article","og_title":"Mon compte - Sinellia Tea","og_description":"Mon compte","og_url":"https:\/\/sinelliatea.com\/fr\/mon-compte\/","og_site_name":"Sinellia Tea","article_modified_time":"2025-09-01T14:26:40+00:00","twitter_card":"summary_large_image","schema":{"@context":"https:\/\/schema.org","@graph":[{"@type":"WebPage","@id":"https:\/\/sinelliatea.com\/fr\/mon-compte\/","url":"https:\/\/sinelliatea.com\/fr\/mon-compte\/","name":"Mon compte - Sinellia Tea","isPartOf":{"@id":"https:\/\/sinelliatea.com\/#website"},"datePublished":"2025-08-01T20:21:26+00:00","dateModified":"2025-09-01T14:26:40+00:00","breadcrumb":{"@id":"https:\/\/sinelliatea.com\/fr\/mon-compte\/#breadcrumb"},"inLanguage":"fr-FR","potentialAction":[{"@type":"ReadAction","target":["https:\/\/sinelliatea.com\/fr\/mon-compte\/"]}]},{"@type":"BreadcrumbList","@id":"https:\/\/sinelliatea.com\/fr\/mon-compte\/#breadcrumb","itemListElement":[{"@type":"ListItem","position":1,"name":"Portada","item":"https:\/\/sinelliatea.com\/fr\/"},{"@type":"ListItem","position":2,"name":"Mon compte"}]},{"@type":"WebSite","@id":"https:\/\/sinelliatea.com\/#website","url":"https:\/\/sinelliatea.com\/","name":"Sinellia Tea","description":"Desde las monta\u00f1as de China hasta tu taza, hojas seleccionadas con dedicaci\u00f3n y respeto por la tradici\u00f3n.","potentialAction":[{"@type":"SearchAction","target":{"@type":"EntryPoint","urlTemplate":"https:\/\/sinelliatea.com\/?s={search_term_string}"},"query-input":{"@type":"PropertyValueSpecification","valueRequired":true,"valueName":"search_term_string"}}],"inLanguage":"fr-FR"}]}},"_links":{"self":[{"href":"https:\/\/sinelliatea.com\/fr\/wp-json\/wp\/v2\/pages\/844","targetHints":{"allow":["GET"]}}],"collection":[{"href":"https:\/\/sinelliatea.com\/fr\/wp-json\/wp\/v2\/pages"}],"about":[{"href":"https:\/\/sinelliatea.com\/fr\/wp-json\/wp\/v2\/types\/page"}],"author":[{"embeddable":true,"href":"https:\/\/sinelliatea.com\/fr\/wp-json\/wp\/v2\/users\/1"}],"replies":[{"embeddable":true,"href":"https:\/\/sinelliatea.com\/fr\/wp-json\/wp\/v2\/comments?post=844"}],"version-history":[{"count":0,"href":"https:\/\/sinelliatea.com\/fr\/wp-json\/wp\/v2\/pages\/844\/revisions"}],"wp:attachment":[{"href":"https:\/\/sinelliatea.com\/fr\/wp-json\/wp\/v2\/media?parent=844"}],"wp:term":[{"taxonomy":"pages_categories","embeddable":true,"href":"https:\/\/sinelliatea.com\/fr\/wp-json\/wp\/v2\/pages_categories?post=844"}],"curies":[{"name":"wp","href":"https:\/\/api.w.org\/{rel}","templated":true}]}}