{"id":338,"date":"2025-08-13T09:20:55","date_gmt":"2025-08-13T14:20:55","guid":{"rendered":"https:\/\/sinelliatea.com\/?post_type=product&#038;p=338"},"modified":"2025-09-09T08:51:06","modified_gmt":"2025-09-09T13:51:06","slug":"tie-guan-yin-oolong-tea","status":"publish","type":"product","link":"https:\/\/sinelliatea.com\/es\/producto\/tie-guan-yin-oolong-tea\/","title":{"rendered":"Tie Guan Yin Oolong Tea"},"content":{"rendered":"<p><span style=\"font-weight: 400;\">Floral, balanced, and delicate.<\/span><span style=\"font-weight: 400;\"><br \/>\n<\/span><\/p>\n","protected":false},"excerpt":{"rendered":"<p>Floral, balanced, and delicate.<\/p>\n","protected":false},"featured_media":664,"comment_status":"open","ping_status":"closed","template":"","meta":[],"product_brand":[],"product_cat":[33],"product_tag":[],"class_list":{"0":"post-338","1":"product","2":"type-product","3":"status-publish","4":"has-post-thumbnail","6":"product_cat-tes","8":"first","9":"instock","10":"shipping-taxable","11":"purchasable","12":"product-type-simple"},"acf":[],"yoast_head":"<!-- This site is optimized with the Yoast SEO plugin v27.0 - https:\/\/yoast.com\/product\/yoast-seo-wordpress\/ -->\n<title>Tie Guan Yin Oolong Tea - Sinellia Tea<\/title>\n<meta name=\"robots\" content=\"noindex, follow, max-snippet:-1, max-image-preview:large, max-video-preview:-1\" \/>\n<meta property=\"og:locale\" content=\"es_ES\" \/>\n<meta property=\"og:type\" content=\"article\" \/>\n<meta property=\"og:title\" content=\"Tie Guan Yin Oolong Tea - Sinellia Tea\" \/>\n<meta property=\"og:description\" content=\"Floral, balanced, and delicate.\" \/>\n<meta property=\"og:url\" content=\"https:\/\/sinelliatea.com\/producto\/tie-guan-yin-oolong-tea\/\" \/>\n<meta property=\"og:site_name\" content=\"Sinellia Tea\" \/>\n<meta property=\"article:modified_time\" content=\"2025-09-09T13:51:06+00:00\" \/>\n<meta property=\"og:image\" content=\"https:\/\/sinelliatea.com\/wp-content\/uploads\/2025\/08\/Leonardo_Diffusion_XL_Pile_of_Dragon_Well_Longjing_green_tea_l_0.webp\" \/>\n\t<meta property=\"og:image:width\" content=\"1344\" \/>\n\t<meta property=\"og:image:height\" content=\"896\" \/>\n\t<meta property=\"og:image:type\" content=\"image\/webp\" \/>\n<meta name=\"twitter:card\" content=\"summary_large_image\" \/>\n<script type=\"application\/ld+json\" class=\"yoast-schema-graph\">{\"@context\":\"https:\/\/schema.org\",\"@graph\":[{\"@type\":\"WebPage\",\"@id\":\"https:\/\/sinelliatea.com\/producto\/tie-guan-yin-oolong-tea\/\",\"url\":\"https:\/\/sinelliatea.com\/producto\/tie-guan-yin-oolong-tea\/\",\"name\":\"Tie Guan Yin Oolong Tea - Sinellia Tea\",\"isPartOf\":{\"@id\":\"https:\/\/sinelliatea.com\/#website\"},\"primaryImageOfPage\":{\"@id\":\"https:\/\/sinelliatea.com\/producto\/tie-guan-yin-oolong-tea\/#primaryimage\"},\"image\":{\"@id\":\"https:\/\/sinelliatea.com\/producto\/tie-guan-yin-oolong-tea\/#primaryimage\"},\"thumbnailUrl\":\"https:\/\/sinelliatea.com\/wp-content\/uploads\/2025\/08\/Leonardo_Diffusion_XL_Pile_of_Dragon_Well_Longjing_green_tea_l_0.webp\",\"datePublished\":\"2025-08-13T14:20:55+00:00\",\"dateModified\":\"2025-09-09T13:51:06+00:00\",\"breadcrumb\":{\"@id\":\"https:\/\/sinelliatea.com\/producto\/tie-guan-yin-oolong-tea\/#breadcrumb\"},\"inLanguage\":\"es\",\"potentialAction\":[{\"@type\":\"ReadAction\",\"target\":[\"https:\/\/sinelliatea.com\/producto\/tie-guan-yin-oolong-tea\/\"]}]},{\"@type\":\"ImageObject\",\"inLanguage\":\"es\",\"@id\":\"https:\/\/sinelliatea.com\/producto\/tie-guan-yin-oolong-tea\/#primaryimage\",\"url\":\"https:\/\/sinelliatea.com\/wp-content\/uploads\/2025\/08\/Leonardo_Diffusion_XL_Pile_of_Dragon_Well_Longjing_green_tea_l_0.webp\",\"contentUrl\":\"https:\/\/sinelliatea.com\/wp-content\/uploads\/2025\/08\/Leonardo_Diffusion_XL_Pile_of_Dragon_Well_Longjing_green_tea_l_0.webp\",\"width\":1344,\"height\":896},{\"@type\":\"BreadcrumbList\",\"@id\":\"https:\/\/sinelliatea.com\/producto\/tie-guan-yin-oolong-tea\/#breadcrumb\",\"itemListElement\":[{\"@type\":\"ListItem\",\"position\":1,\"name\":\"Portada\",\"item\":\"https:\/\/sinelliatea.com\/es\/\"},{\"@type\":\"ListItem\",\"position\":2,\"name\":\"Tienda\",\"item\":\"https:\/\/sinelliatea.com\/shop\/\"},{\"@type\":\"ListItem\",\"position\":3,\"name\":\"Tie Guan Yin Oolong Tea\"}]},{\"@type\":\"WebSite\",\"@id\":\"https:\/\/sinelliatea.com\/#website\",\"url\":\"https:\/\/sinelliatea.com\/\",\"name\":\"Sinellia Tea\",\"description\":\"Desde las monta\u00f1as de China hasta tu taza, hojas seleccionadas con dedicaci\u00f3n y respeto por la tradici\u00f3n.\",\"potentialAction\":[{\"@type\":\"SearchAction\",\"target\":{\"@type\":\"EntryPoint\",\"urlTemplate\":\"https:\/\/sinelliatea.com\/?s={search_term_string}\"},\"query-input\":{\"@type\":\"PropertyValueSpecification\",\"valueRequired\":true,\"valueName\":\"search_term_string\"}}],\"inLanguage\":\"es\"}]}<\/script>\n<!-- \/ Yoast SEO plugin. -->","yoast_head_json":{"title":"Tie Guan Yin Oolong Tea - Sinellia Tea","robots":{"index":"noindex","follow":"follow","max-snippet":"max-snippet:-1","max-image-preview":"max-image-preview:large","max-video-preview":"max-video-preview:-1"},"og_locale":"es_ES","og_type":"article","og_title":"Tie Guan Yin Oolong Tea - Sinellia Tea","og_description":"Floral, balanced, and delicate.","og_url":"https:\/\/sinelliatea.com\/producto\/tie-guan-yin-oolong-tea\/","og_site_name":"Sinellia Tea","article_modified_time":"2025-09-09T13:51:06+00:00","og_image":[{"width":1344,"height":896,"url":"https:\/\/sinelliatea.com\/wp-content\/uploads\/2025\/08\/Leonardo_Diffusion_XL_Pile_of_Dragon_Well_Longjing_green_tea_l_0.webp","type":"image\/webp"}],"twitter_card":"summary_large_image","schema":{"@context":"https:\/\/schema.org","@graph":[{"@type":"WebPage","@id":"https:\/\/sinelliatea.com\/producto\/tie-guan-yin-oolong-tea\/","url":"https:\/\/sinelliatea.com\/producto\/tie-guan-yin-oolong-tea\/","name":"Tie Guan Yin Oolong Tea - Sinellia Tea","isPartOf":{"@id":"https:\/\/sinelliatea.com\/#website"},"primaryImageOfPage":{"@id":"https:\/\/sinelliatea.com\/producto\/tie-guan-yin-oolong-tea\/#primaryimage"},"image":{"@id":"https:\/\/sinelliatea.com\/producto\/tie-guan-yin-oolong-tea\/#primaryimage"},"thumbnailUrl":"https:\/\/sinelliatea.com\/wp-content\/uploads\/2025\/08\/Leonardo_Diffusion_XL_Pile_of_Dragon_Well_Longjing_green_tea_l_0.webp","datePublished":"2025-08-13T14:20:55+00:00","dateModified":"2025-09-09T13:51:06+00:00","breadcrumb":{"@id":"https:\/\/sinelliatea.com\/producto\/tie-guan-yin-oolong-tea\/#breadcrumb"},"inLanguage":"es","potentialAction":[{"@type":"ReadAction","target":["https:\/\/sinelliatea.com\/producto\/tie-guan-yin-oolong-tea\/"]}]},{"@type":"ImageObject","inLanguage":"es","@id":"https:\/\/sinelliatea.com\/producto\/tie-guan-yin-oolong-tea\/#primaryimage","url":"https:\/\/sinelliatea.com\/wp-content\/uploads\/2025\/08\/Leonardo_Diffusion_XL_Pile_of_Dragon_Well_Longjing_green_tea_l_0.webp","contentUrl":"https:\/\/sinelliatea.com\/wp-content\/uploads\/2025\/08\/Leonardo_Diffusion_XL_Pile_of_Dragon_Well_Longjing_green_tea_l_0.webp","width":1344,"height":896},{"@type":"BreadcrumbList","@id":"https:\/\/sinelliatea.com\/producto\/tie-guan-yin-oolong-tea\/#breadcrumb","itemListElement":[{"@type":"ListItem","position":1,"name":"Portada","item":"https:\/\/sinelliatea.com\/es\/"},{"@type":"ListItem","position":2,"name":"Tienda","item":"https:\/\/sinelliatea.com\/shop\/"},{"@type":"ListItem","position":3,"name":"Tie Guan Yin Oolong Tea"}]},{"@type":"WebSite","@id":"https:\/\/sinelliatea.com\/#website","url":"https:\/\/sinelliatea.com\/","name":"Sinellia Tea","description":"Desde las monta\u00f1as de China hasta tu taza, hojas seleccionadas con dedicaci\u00f3n y respeto por la tradici\u00f3n.","potentialAction":[{"@type":"SearchAction","target":{"@type":"EntryPoint","urlTemplate":"https:\/\/sinelliatea.com\/?s={search_term_string}"},"query-input":{"@type":"PropertyValueSpecification","valueRequired":true,"valueName":"search_term_string"}}],"inLanguage":"es"}]}},"_links":{"self":[{"href":"https:\/\/sinelliatea.com\/es\/wp-json\/wp\/v2\/product\/338","targetHints":{"allow":["GET"]}}],"collection":[{"href":"https:\/\/sinelliatea.com\/es\/wp-json\/wp\/v2\/product"}],"about":[{"href":"https:\/\/sinelliatea.com\/es\/wp-json\/wp\/v2\/types\/product"}],"replies":[{"embeddable":true,"href":"https:\/\/sinelliatea.com\/es\/wp-json\/wp\/v2\/comments?post=338"}],"wp:featuredmedia":[{"embeddable":true,"href":"https:\/\/sinelliatea.com\/es\/wp-json\/wp\/v2\/media\/664"}],"wp:attachment":[{"href":"https:\/\/sinelliatea.com\/es\/wp-json\/wp\/v2\/media?parent=338"}],"wp:term":[{"taxonomy":"product_brand","embeddable":true,"href":"https:\/\/sinelliatea.com\/es\/wp-json\/wp\/v2\/product_brand?post=338"},{"taxonomy":"product_cat","embeddable":true,"href":"https:\/\/sinelliatea.com\/es\/wp-json\/wp\/v2\/product_cat?post=338"},{"taxonomy":"product_tag","embeddable":true,"href":"https:\/\/sinelliatea.com\/es\/wp-json\/wp\/v2\/product_tag?post=338"}],"curies":[{"name":"wp","href":"https:\/\/api.w.org\/{rel}","templated":true}]}}