{"id":717,"date":"2025-08-13T13:11:06","date_gmt":"2025-08-13T18:11:06","guid":{"rendered":"https:\/\/sinelliatea.com\/?page_id=717"},"modified":"2025-08-13T15:27:26","modified_gmt":"2025-08-13T20:27:26","slug":"contacto","status":"publish","type":"page","link":"https:\/\/sinelliatea.com\/es\/contacto\/","title":{"rendered":"Contacto"},"content":{"rendered":"\t\t<div data-elementor-type=\"wp-page\" data-elementor-id=\"717\" class=\"elementor elementor-717 elementor-829\" data-elementor-post-type=\"page\">\n\t\t\t\t<div class=\"elementor-element elementor-element-4ac9261 e-flex e-con-boxed e-con e-parent\" data-id=\"4ac9261\" data-element_type=\"container\" data-e-type=\"container\" data-settings=\"{&quot;background_background&quot;:&quot;classic&quot;}\">\n\t\t\t\t\t<div class=\"e-con-inner\">\n\t\t\t\t<div class=\"elementor-element elementor-element-f160236 elementor-widget elementor-widget-heading\" data-id=\"f160236\" data-element_type=\"widget\" data-e-type=\"widget\" data-widget_type=\"heading.default\">\n\t\t\t\t\t<h2 class=\"elementor-heading-title elementor-size-default\">\u00bfHablemos? \u00a1Conectemos!<\/h2>\t\t\t\t<\/div>\n\t\t\t\t<div class=\"elementor-element elementor-element-c10f5af elementor-widget__width-initial elementor-widget elementor-widget-text-editor\" data-id=\"c10f5af\" data-element_type=\"widget\" data-e-type=\"widget\" data-widget_type=\"text-editor.default\">\n\t\t\t\t\t\t\t\t\t<p>Intentamos responder a todos los mensajes.<\/p>\t\t\t\t\t\t\t\t<\/div>\n\t\t\t\t\t<\/div>\n\t\t\t\t<\/div>\n\t\t<div class=\"elementor-element elementor-element-7ad8c70 e-flex e-con-boxed e-con e-parent\" data-id=\"7ad8c70\" data-element_type=\"container\" data-e-type=\"container\">\n\t\t\t\t\t<div class=\"e-con-inner\">\n\t\t\t\t<div class=\"elementor-element elementor-element-bccb0fe elementor-widget elementor-widget-shortcode\" data-id=\"bccb0fe\" data-element_type=\"widget\" data-e-type=\"widget\" data-widget_type=\"shortcode.default\">\n\t\t\t\t\t\t\t<div class=\"elementor-shortcode\"><div class=\"wpforms-container wpforms-container-full wpforms-render-modern\" id=\"wpforms-720\"><form id=\"wpforms-form-720\" class=\"wpforms-validate wpforms-form wpforms-ajax-form\" data-formid=\"720\" method=\"post\" enctype=\"multipart\/form-data\" action=\"\/es\/wp-json\/wp\/v2\/pages\/717\" data-token=\"c7dcfbf5b48f1bed0ee51cd723ec7e89\" data-token-time=\"1775397224\"><noscript class=\"wpforms-error-noscript\">Por favor, activa JavaScript en tu navegador para completar este formulario.<\/noscript><div class=\"wpforms-hidden\" id=\"wpforms-error-noscript\">Por favor, activa JavaScript en tu navegador para completar este formulario.<\/div><div class=\"wpforms-field-container\"><div id=\"wpforms-720-field_1-container\" class=\"wpforms-field wpforms-field-name\" data-field-id=\"1\"><fieldset><legend class=\"wpforms-field-label\">Nombre <span class=\"wpforms-required-label\" aria-hidden=\"true\">*<\/span><\/legend><div class=\"wpforms-field-row wpforms-field-large\"><div class=\"wpforms-field-row-block wpforms-first wpforms-one-half\"><input type=\"text\" id=\"wpforms-720-field_1\" class=\"wpforms-field-name-first wpforms-field-required\" name=\"wpforms[fields][1][first]\" aria-errormessage=\"wpforms-720-field_1-error\" required><label for=\"wpforms-720-field_1\" class=\"wpforms-field-sublabel after\">Nombre<\/label><\/div><div class=\"wpforms-field-row-block wpforms-one-half\"><input type=\"text\" id=\"wpforms-720-field_1-last\" class=\"wpforms-field-name-last wpforms-field-required\" name=\"wpforms[fields][1][last]\" aria-errormessage=\"wpforms-720-field_1-last-error\" required><label for=\"wpforms-720-field_1-last\" class=\"wpforms-field-sublabel after\">Apellidos<\/label><\/div><\/div><\/fieldset><\/div><div id=\"wpforms-720-field_2-container\" class=\"wpforms-field wpforms-field-email\" data-field-id=\"2\"><label class=\"wpforms-field-label\" for=\"wpforms-720-field_2\">Correo electr\u00f3nico <span class=\"wpforms-required-label\" aria-hidden=\"true\">*<\/span><\/label><input type=\"email\" id=\"wpforms-720-field_2\" class=\"wpforms-field-large wpforms-field-required\" name=\"wpforms[fields][2]\" spellcheck=\"false\" aria-errormessage=\"wpforms-720-field_2-error\" required><\/div><div id=\"wpforms-720-field_3-container\" class=\"wpforms-field wpforms-field-textarea\" data-field-id=\"3\"><label class=\"wpforms-field-label\" for=\"wpforms-720-field_3\">Comentario o mensaje<\/label><textarea id=\"wpforms-720-field_3\" class=\"wpforms-field-medium\" name=\"wpforms[fields][3]\" aria-errormessage=\"wpforms-720-field_3-error\" ><\/textarea><\/div><\/div><!-- .wpforms-field-container --><div class=\"wpforms-submit-container\" ><input type=\"hidden\" name=\"wpforms[id]\" value=\"720\"><input type=\"hidden\" name=\"page_title\" value=\"\"><input type=\"hidden\" name=\"page_url\" value=\"https:\/\/sinelliatea.com\/es\/wp-json\/wp\/v2\/pages\/717\"><button type=\"submit\" name=\"wpforms[submit]\" id=\"wpforms-submit-720\" class=\"wpforms-submit\" data-alt-text=\"Enviando...\" data-submit-text=\"Enviar\" aria-live=\"assertive\" value=\"wpforms-submit\">Enviar<\/button><img decoding=\"async\" src=\"https:\/\/sinelliatea.com\/wp-content\/plugins\/wpforms\/assets\/images\/submit-spin.svg\" class=\"wpforms-submit-spinner\" style=\"display: none;\" width=\"26\" height=\"26\" alt=\"Cargando\"><\/div><\/form><\/div>  <!-- .wpforms-container --><\/div>\n\t\t\t\t\t\t<\/div>\n\t\t\t\t\t<\/div>\n\t\t\t\t<\/div>\n\t\t\t\t<\/div>\n\t\t","protected":false},"excerpt":{"rendered":"<p>\u00bfHablemos? \u00a1Conectemos! Intentamos responder a todos los mensajes.<\/p>\n","protected":false},"author":1,"featured_media":0,"parent":0,"menu_order":0,"comment_status":"closed","ping_status":"closed","template":"elementor_header_footer","meta":{"footnotes":""},"pages_categories":[],"class_list":["post-717","page","type-page","status-publish","hentry"],"acf":[],"yoast_head":"<!-- This site is optimized with the Yoast SEO plugin v27.0 - https:\/\/yoast.com\/product\/yoast-seo-wordpress\/ -->\n<title>Contacto - Sinellia Tea<\/title>\n<meta name=\"robots\" content=\"noindex, follow, max-snippet:-1, max-image-preview:large, max-video-preview:-1\" \/>\n<meta property=\"og:locale\" content=\"es_ES\" \/>\n<meta property=\"og:type\" content=\"article\" \/>\n<meta property=\"og:title\" content=\"Contacto - Sinellia Tea\" \/>\n<meta property=\"og:description\" content=\"\u00bfHablemos? \u00a1Conectemos! Intentamos responder a todos los mensajes.\" \/>\n<meta property=\"og:url\" content=\"https:\/\/sinelliatea.com\/contacto\/\" \/>\n<meta property=\"og:site_name\" content=\"Sinellia Tea\" \/>\n<meta property=\"article:modified_time\" content=\"2025-08-13T20:27:26+00:00\" \/>\n<meta name=\"twitter:card\" content=\"summary_large_image\" \/>\n<meta name=\"twitter:label1\" content=\"Tiempo de lectura\" \/>\n\t<meta name=\"twitter:data1\" content=\"1 minuto\" \/>\n<script type=\"application\/ld+json\" class=\"yoast-schema-graph\">{\"@context\":\"https:\/\/schema.org\",\"@graph\":[{\"@type\":\"WebPage\",\"@id\":\"https:\/\/sinelliatea.com\/contacto\/\",\"url\":\"https:\/\/sinelliatea.com\/contacto\/\",\"name\":\"Contacto - Sinellia Tea\",\"isPartOf\":{\"@id\":\"https:\/\/sinelliatea.com\/#website\"},\"datePublished\":\"2025-08-13T18:11:06+00:00\",\"dateModified\":\"2025-08-13T20:27:26+00:00\",\"breadcrumb\":{\"@id\":\"https:\/\/sinelliatea.com\/contacto\/#breadcrumb\"},\"inLanguage\":\"es\",\"potentialAction\":[{\"@type\":\"ReadAction\",\"target\":[\"https:\/\/sinelliatea.com\/contacto\/\"]}]},{\"@type\":\"BreadcrumbList\",\"@id\":\"https:\/\/sinelliatea.com\/contacto\/#breadcrumb\",\"itemListElement\":[{\"@type\":\"ListItem\",\"position\":1,\"name\":\"Portada\",\"item\":\"https:\/\/sinelliatea.com\/es\/\"},{\"@type\":\"ListItem\",\"position\":2,\"name\":\"Contacto\"}]},{\"@type\":\"WebSite\",\"@id\":\"https:\/\/sinelliatea.com\/#website\",\"url\":\"https:\/\/sinelliatea.com\/\",\"name\":\"Sinellia Tea\",\"description\":\"Desde las monta\u00f1as de China hasta tu taza, hojas seleccionadas con dedicaci\u00f3n y respeto por la tradici\u00f3n.\",\"potentialAction\":[{\"@type\":\"SearchAction\",\"target\":{\"@type\":\"EntryPoint\",\"urlTemplate\":\"https:\/\/sinelliatea.com\/?s={search_term_string}\"},\"query-input\":{\"@type\":\"PropertyValueSpecification\",\"valueRequired\":true,\"valueName\":\"search_term_string\"}}],\"inLanguage\":\"es\"}]}<\/script>\n<!-- \/ Yoast SEO plugin. -->","yoast_head_json":{"title":"Contacto - Sinellia Tea","robots":{"index":"noindex","follow":"follow","max-snippet":"max-snippet:-1","max-image-preview":"max-image-preview:large","max-video-preview":"max-video-preview:-1"},"og_locale":"es_ES","og_type":"article","og_title":"Contacto - Sinellia Tea","og_description":"\u00bfHablemos? \u00a1Conectemos! Intentamos responder a todos los mensajes.","og_url":"https:\/\/sinelliatea.com\/contacto\/","og_site_name":"Sinellia Tea","article_modified_time":"2025-08-13T20:27:26+00:00","twitter_card":"summary_large_image","twitter_misc":{"Tiempo de lectura":"1 minuto"},"schema":{"@context":"https:\/\/schema.org","@graph":[{"@type":"WebPage","@id":"https:\/\/sinelliatea.com\/contacto\/","url":"https:\/\/sinelliatea.com\/contacto\/","name":"Contacto - Sinellia Tea","isPartOf":{"@id":"https:\/\/sinelliatea.com\/#website"},"datePublished":"2025-08-13T18:11:06+00:00","dateModified":"2025-08-13T20:27:26+00:00","breadcrumb":{"@id":"https:\/\/sinelliatea.com\/contacto\/#breadcrumb"},"inLanguage":"es","potentialAction":[{"@type":"ReadAction","target":["https:\/\/sinelliatea.com\/contacto\/"]}]},{"@type":"BreadcrumbList","@id":"https:\/\/sinelliatea.com\/contacto\/#breadcrumb","itemListElement":[{"@type":"ListItem","position":1,"name":"Portada","item":"https:\/\/sinelliatea.com\/es\/"},{"@type":"ListItem","position":2,"name":"Contacto"}]},{"@type":"WebSite","@id":"https:\/\/sinelliatea.com\/#website","url":"https:\/\/sinelliatea.com\/","name":"Sinellia Tea","description":"Desde las monta\u00f1as de China hasta tu taza, hojas seleccionadas con dedicaci\u00f3n y respeto por la tradici\u00f3n.","potentialAction":[{"@type":"SearchAction","target":{"@type":"EntryPoint","urlTemplate":"https:\/\/sinelliatea.com\/?s={search_term_string}"},"query-input":{"@type":"PropertyValueSpecification","valueRequired":true,"valueName":"search_term_string"}}],"inLanguage":"es"}]}},"_links":{"self":[{"href":"https:\/\/sinelliatea.com\/es\/wp-json\/wp\/v2\/pages\/717","targetHints":{"allow":["GET"]}}],"collection":[{"href":"https:\/\/sinelliatea.com\/es\/wp-json\/wp\/v2\/pages"}],"about":[{"href":"https:\/\/sinelliatea.com\/es\/wp-json\/wp\/v2\/types\/page"}],"author":[{"embeddable":true,"href":"https:\/\/sinelliatea.com\/es\/wp-json\/wp\/v2\/users\/1"}],"replies":[{"embeddable":true,"href":"https:\/\/sinelliatea.com\/es\/wp-json\/wp\/v2\/comments?post=717"}],"version-history":[{"count":10,"href":"https:\/\/sinelliatea.com\/es\/wp-json\/wp\/v2\/pages\/717\/revisions"}],"predecessor-version":[{"id":767,"href":"https:\/\/sinelliatea.com\/es\/wp-json\/wp\/v2\/pages\/717\/revisions\/767"}],"wp:attachment":[{"href":"https:\/\/sinelliatea.com\/es\/wp-json\/wp\/v2\/media?parent=717"}],"wp:term":[{"taxonomy":"pages_categories","embeddable":true,"href":"https:\/\/sinelliatea.com\/es\/wp-json\/wp\/v2\/pages_categories?post=717"}],"curies":[{"name":"wp","href":"https:\/\/api.w.org\/{rel}","templated":true}]}}